{"id":1465,"date":"2012-03-31T22:23:13","date_gmt":"2012-03-31T22:23:13","guid":{"rendered":"http:\/\/hb9hli.radio\/blog\/?page_id=1465"},"modified":"2024-12-09T13:10:15","modified_gmt":"2024-12-09T13:10:15","slug":"moi","status":"publish","type":"page","link":"https:\/\/hb9hli.radio\/blog\/about\/moi\/","title":{"rendered":"Moi"},"content":{"rendered":"<p><a href=\"https:\/\/hb9hli.radio\/blog\/wp-content\/uploads\/2012\/03\/hb9hli.jpg\"><img loading=\"lazy\" decoding=\"async\" class=\"alignleft size-medium wp-image-1466\" src=\"https:\/\/hb9hli.radio\/blog\/wp-content\/uploads\/2012\/03\/hb9hli-271x300.jpg\" alt=\"\" width=\"271\" height=\"300\" srcset=\"https:\/\/hb9hli.radio\/blog\/wp-content\/uploads\/2012\/03\/hb9hli-271x300.jpg 271w, https:\/\/hb9hli.radio\/blog\/wp-content\/uploads\/2012\/03\/hb9hli.jpg 310w\" sizes=\"auto, (max-width: 271px) 100vw, 271px\" \/><\/a>Mon nom est Dominique Muller et j&rsquo;habite <a href=\"http:\/\/www.lelocle.ch\/\" target=\"_blank\" rel=\"noopener\">Le Locle<\/a>.<\/p>\n<p>Mon int\u00e9r\u00eat pour la radio \u00e0 commenc\u00e9 vers l&rsquo;\u00e2ge de 12 ans. Je faisais de la CB, je me passionnais avec diff\u00e9rentes configurations d&rsquo;antennes de fabrication maison. Mon r\u00eave \u00e9tait de devenir radioamateur et trouver une activit\u00e9 professionnelle autour de ce hobby. Ce r\u00eave c&rsquo;est r\u00e9alis\u00e9 et je suis radioamateur depuis le 19 d\u00e9cembre 1980, date de l&rsquo;examen. J&rsquo;ai ensuite re\u00e7u l&rsquo;indicatif HB9RDB. Peut de temps apr\u00e8s, j&rsquo;ai trouv\u00e9 un travail \u00e0 <a href=\"http:\/\/www.swissinfo.ch\" target=\"_blank\" rel=\"noopener\">Radio Suisse Internationale<\/a>, une station de radio de la SSR qui diffusait sur ondes courtes.<\/p>\n<p>1983, mon premier contest dans la neige en mars. 2\u00e8me en VHF et 1er en UHF. Vu le succ\u00e8s, l&rsquo;\u00e9quipe avec laquelle ce contest c&rsquo;est d\u00e9roul\u00e9 est rest\u00e9e quasi intacte jusqu&rsquo;\u00e0 aujourd&rsquo;hui. Ensuite j&rsquo;ai particip\u00e9 \u00e0 plusieurs contests VHF\/UHF\/SHF et aussi HF avec quelques premi\u00e8res places europ\u00e9ennes \u00e0 la cl\u00e9, ceci, avec la m\u00eame \u00e9quipe dont hb9hlm, hb9cvc, hb9blf, entre autres, mais aussi avec f1nsr, f1jrd, f5sjp au Mont Aigoual (France, d\u00e9p. 30, JN14SC) ainsi qu&rsquo;avec le team tessinois HB9DUR, HB9DGX (SK) pour ne citer qu&rsquo;eux. Je participe toujours de temps en temps \u00e0 diff\u00e9rents contests avec diff\u00e9rentes \u00e9quipes ou depuis la maison.<\/p>\n<p>1984, Participation \u00e0 l\u2019exp\u00e9dition VHF F0GAL\/P en locator YG (IN86) sur le continent avec comme participants entres-autres de HB9SAX (maintenant HB9HLM), HB9BLF, HB9CVC et F1FHI (SK) La m\u00eame ann\u00e9e, j&rsquo;ai pris en temps que b\u00e9n\u00e9vole, l&rsquo;animation d&rsquo;\u00e9missions sur RTN-2001 devenu <a href=\"https:\/\/www.rtn.ch\" target=\"_blank\" rel=\"noopener\">RTN<\/a>.<\/p>\n<p>1987, Participation \u00e0 l&rsquo;exp\u00e9dition VHF, UHF et SHF TV6YGS en locator YG (IN86) sur l&rsquo;\u00eele de Noirmoutier avec \u00e0 peut pr\u00e8s la m\u00eame \u00e9quipe qu&rsquo;en 1984 et des moyens plus cons\u00e9quents.<\/p>\n<p>1991, j&rsquo;ai r\u00e9ussi mon examen de t\u00e9l\u00e9graphie. L&rsquo;indicatif a chang\u00e9, j&rsquo;ai re\u00e7u HB9HLI.<\/p>\n<p>1992 env, Je me suis occupp\u00e9 avec <a href=\"http:\/\/www.iapc.ch\/\" target=\"_blank\" rel=\"noopener\">l&rsquo;IAPC<\/a> \u00e0 la construction du r\u00e9seau packet-radio en suisse romande. j&rsquo;ai occup\u00e9 pendant un certain temps le poste de responsable technique et de vice-pr\u00e9sident. J&rsquo;ai aussi pris la fonction de trafic manager pour la <a href=\"http:\/\/www.hb9ww.org\/\" target=\"_blank\" rel=\"noopener\">section USKA Neuch\u00e2tel<\/a>.<\/p>\n<p>1994, J&rsquo;ai d\u00e9couvert Linux et son int\u00e9gration aux r\u00e9seaux ax25. Ma passion pour ce syst\u00e8me d&rsquo;exploitation a \u00e9t\u00e9 grandissante. Par la suite j&rsquo;ai modernis\u00e9 la BBS HB9IAP-8 en la migrant sous Linux.<\/p>\n<p>2001 J&rsquo;ai remis ma fonction de trafic manager de la <a href=\"http:\/\/www.hb9ww.org\/\" target=\"_blank\" rel=\"noopener\">section USKA-Neuch\u00e2tel<\/a> \u00e0 hb9hlm.<\/p>\n<p>2002, J&rsquo;ai de plus en plus d&rsquo;int\u00e9r\u00eats pour la bandes des 6m.<\/p>\n<p>2008, Vu l&rsquo;augmentation du nombre de QSO, j&rsquo;ai fais imprimer des QSL. Ceci devra me permettre d&rsquo;\u00eatre plus efficace pour la confirmation de mes QSO.Je suis aussi pass\u00e9 en log informatis\u00e9 avec des logiciels libres sous Linux et l&rsquo;ordinateur est devenu un des \u00e9l\u00e9ments de la station. J&rsquo;ai aussi fait le choix de n&rsquo;utiliser que du logiciel libre sous Linux. Actif en SSB sur 20, 15, 10, 6 et 2 m\u00e8tres.<\/p>\n<p>2009, Je me suis inscris au LoTW (Log of The Word) de l&rsquo;ARRL.<\/p>\n<p>2011, Je d\u00e9couvre avec F1DMG la chasse aux radiosondes, une activit\u00e9 qui permet de sortir et visiter des r\u00e9gions inconnues&#8230; D&rsquo;abord dans l&rsquo;H\u00e9rault, puis en Suisse plus pr\u00e8s de chez moi. Je me suis \u00e9quip\u00e9 en cons\u00e9quence avec des moyens de d\u00e9codage et gonio. (voir blog).<\/p>\n<p>2011, Je d\u00e9couvre avec l&rsquo;IAPC le Dstar et construit un relais num\u00e9rique opensource exp\u00e9rimental bas\u00e9 sur les logiciels de Ki4LKF. Maintenant connect\u00e9 au r\u00e9seau IRCDDB, il pourra \u00eatre install\u00e9 d\u00e9finitivement. (voir blog).<\/p>\n<p>2011, j&rsquo;ai re\u00e7u l&rsquo;indicatif temporaire CN2HL pour ma participation au CQWW avec HB9HLM, CN8PA, HB9EOU, HB9CVC et F5VLY avec le call CN1C. (voir blog).<\/p>\n<p>2014, Un nouveau voyage au Maroc, mais cette fois-ci en famille. J&rsquo;ai tout de m\u00eame r\u00e9activ\u00e9 mon indicatif CN2HL pour quelques heures depuis le si\u00e8ge de l&rsquo;ARRAM \u00e0 Rabat.<\/p>\n<p>2016-2023, Ayant toujours la flamme pour l&rsquo;animation radiophonique, j&rsquo;ai pris une heure d&rsquo;\u00e9mission rock sur <a href=\"https:\/\/www.piratesradio.ch\" target=\"_blank\" rel=\"noopener\">Pirtates Radio<\/a>, une radio rock qui diffuse en DAB+ sur l&rsquo;axe Gen\u00e8ve-Neuch\u00e2tel.<\/p>\n<p>2020-2021, J&rsquo;ai construit un relais radioamateur num\u00e9rique multi-protocole en utilisant la technologie MMDVM sur un RaspberryPI et des radios Motorola GM360. Il a \u00e9t\u00e9 mis en service comme relais urbain en ville de La Chaux-de-Fonds.<\/p>\n<p>2024-Pr\u00e9sent, Apr\u00e8s l&rsquo;arr\u00eat de Pirates Radio, je participe \u00e0 un nouveau projet similaire avec diffusion en DAB+ sur l&rsquo;axe Gen\u00e8ve-Neuch\u00e2tel. Je produit une heure d&rsquo;\u00e9mission rock hebdomadaire le jeudi soir \u00e0 20h sur <a href=\"https:\/\/www.taradio.ch\" target=\"_&quot;blank&quot;\" rel=\"noopener\">TA RADIO<\/a> et participe \u00e0 la r\u00e9alisation d&rsquo;\u00e9missions de retransmission de concerts live dans diff\u00e9rents festivals de musique en Suisse Romande.<\/p>\n<p>C\u00f4t\u00e9 pro, j&rsquo;ai travaill\u00e9 8 ans \u00e0 <a href=\"http:\/\/www.swissinfo.org\/\" target=\"_blank\" rel=\"noopener\">Radio Suisse Internationale<\/a> comme r\u00e9gisseur son, 2 ans \u00e0 <a href=\"http:\/\/www.rtn.ch\/\" target=\"_blank\" rel=\"noopener\">RTN (radio locale Neuch\u00e2teloise)<\/a> comme responsable technique, 11 ans \u00e0 <a href=\"http:\/\/www.swisscom.com\/\" target=\"_blank\" rel=\"noopener\">TELECOM PTT devenu Swisscom<\/a> et depuis 2002 technicien r\u00e9seau au <a href=\"http:\/\/www.he-arc.ch\/\" target=\"_blank\" rel=\"noopener\">service informatique de la Haute Ecole ARC<\/a> \u00e0 Neuch\u00e2tel.<\/p>\n<p><a href=\"https:\/\/mastodon.radio\/@hb9hli\" rel=\"me\">Je suis sur Mastodon<\/a><\/p>\n","protected":false},"excerpt":{"rendered":"<p>Mon nom est Dominique Muller et j&rsquo;habite Le Locle. Mon int\u00e9r\u00eat pour la radio \u00e0 commenc\u00e9 vers l&rsquo;\u00e2ge de 12 ans. Je faisais de la CB, je me passionnais avec diff\u00e9rentes configurations d&rsquo;antennes de fabrication maison. Mon r\u00eave \u00e9tait de <span class=\"excerpt-dots\">&hellip;<\/span> <a class=\"more-link\" href=\"https:\/\/hb9hli.radio\/blog\/about\/moi\/\"><span class=\"more-msg\">Lire la suite &rarr;<\/span><\/a><\/p>\n","protected":false},"author":1,"featured_media":0,"parent":1071,"menu_order":0,"comment_status":"closed","ping_status":"closed","template":"","meta":{"footnotes":""},"class_list":["post-1465","page","type-page","status-publish","hentry"],"_links":{"self":[{"href":"https:\/\/hb9hli.radio\/blog\/wp-json\/wp\/v2\/pages\/1465","targetHints":{"allow":["GET"]}}],"collection":[{"href":"https:\/\/hb9hli.radio\/blog\/wp-json\/wp\/v2\/pages"}],"about":[{"href":"https:\/\/hb9hli.radio\/blog\/wp-json\/wp\/v2\/types\/page"}],"author":[{"embeddable":true,"href":"https:\/\/hb9hli.radio\/blog\/wp-json\/wp\/v2\/users\/1"}],"replies":[{"embeddable":true,"href":"https:\/\/hb9hli.radio\/blog\/wp-json\/wp\/v2\/comments?post=1465"}],"version-history":[{"count":19,"href":"https:\/\/hb9hli.radio\/blog\/wp-json\/wp\/v2\/pages\/1465\/revisions"}],"predecessor-version":[{"id":2317,"href":"https:\/\/hb9hli.radio\/blog\/wp-json\/wp\/v2\/pages\/1465\/revisions\/2317"}],"up":[{"embeddable":true,"href":"https:\/\/hb9hli.radio\/blog\/wp-json\/wp\/v2\/pages\/1071"}],"wp:attachment":[{"href":"https:\/\/hb9hli.radio\/blog\/wp-json\/wp\/v2\/media?parent=1465"}],"curies":[{"name":"wp","href":"https:\/\/api.w.org\/{rel}","templated":true}]}}