{"id":1297,"date":"2012-01-17T22:17:31","date_gmt":"2012-01-17T22:17:31","guid":{"rendered":"http:\/\/hb9hli.radio\/blog\/?page_id=1297"},"modified":"2020-10-03T19:42:36","modified_gmt":"2020-10-03T19:42:36","slug":"bresil","status":"publish","type":"page","link":"https:\/\/hb9hli.radio\/blog\/bresil\/","title":{"rendered":"Br\u00e9sil"},"content":{"rendered":"<h2>Je vais \u00e0 Rio&#8230;.<\/h2>\n<p>Cet article a \u00e9t\u00e9 \u00e9crit en 2003 qui relate mon voyage au Br\u00e9sil cette ann\u00e9e-l\u00e0.<\/p>\n<p><a href=\"https:\/\/translate.google.com\/translate?hl=en&amp;sl=auto&amp;u=https%3A%2F%2Fhb9hli.radio%2Fblog%2Fbresil%2F\" target=\"_blank\" rel=\"noopener noreferrer\">Google english<\/a><\/p>\n<p>Non, je ne vais pas vous parler de la chanson de Claude Fran\u00e7ois, ce n&rsquo;est pas l&rsquo;endroit id\u00e9al \ud83d\ude42<\/p>\n<p>Avec Christophe HB9TLN et sa petite famille, nous nous sommes rendu chez la famille de son XYL \u00e0 Rio de Janeiro. D\u00e9part de Gen\u00e8ve le 15 aout 2003, escale d&rsquo;une nuit \u00e0 Lisbonne pour arriver le lendemain en milieux d&rsquo;apr\u00e8s-midi \u00e0 Rio.<\/p>\n<p><img loading=\"lazy\" decoding=\"async\" class=\"alignleft\" src=\"\/Bresil\/map_rio.gif\" alt=\"Rio de Janeiro\" width=\"390\" height=\"457\" \/><\/p>\n<p>Avant de partir, Christophe et moi, nous avons fait toutes les formalit\u00e9s pour avoir une licence. Nous nous sommes rendu \u00e0 au si\u00e8ge de Rio de l&rsquo;ANATEL, l&rsquo;organisme \u00e9quivalent \u00e0 l&rsquo;OFCOM en Suisse ou l&rsquo;ART en France. D&rsquo;abord on nous prend en photo sur toutes les faces, un peu comme un prisonier, sauf que c&rsquo;est une jolie h\u00f4tesse \u00e0 l&rsquo;acceuil qui s&rsquo;en charge. Ensuite il faut avoir un equipement vertimentaire potable car l&rsquo; ANATEL se trouve dans le b\u00e2timent de la bourse de Rio. Puis il faut franchir un esp\u00e8ce de tourniquet qui ne marche pas et on comprend pourquoi il y a toujours un gars qui surveille juste \u00e0 c\u00f4t\u00e9. Arriv\u00e9 dans le bureau, on ne remarque pas de stress particulier, le seul bruit qu&rsquo;on entend c&rsquo;est la clim. On ose presque pas troubler la tranquilit\u00e9 de ces braves fonctionnaires. Finalement on s&rsquo;occupe de nous et l&rsquo;on nous dit que certains papiers ne sont pas en ordre. Il faut photocopier les passeports et licences suisses, heureusement, non loin de l\u00e0 on trouve un bazard qui dispose d&rsquo;un photocopieur presque neuf qui s&rsquo;execute pour quelques centimes de nos francs en un temps reccord. De retour \u00e0 l&rsquo;ANATEL, cette fois c&rsquo;est le No CPF qui manque&#8230; c&rsquo;est un esp\u00e8ce de No un peu comme une identit\u00e9 fiscale. C&rsquo;est au Minist\u00e8re des Finances qui, par chance se trouve \u00e0 500 m\u00e8tres de l\u00e0, une paille dans une ville de 13 millons d&rsquo;habitants. Mais l\u00e0 pas de chance, ils sont en gr\u00e8ve&#8230; pas de mannif, mais juste une h\u00f4tesse et quelques badauds qui comme nous esp\u00e9raient recevoir un service de leur office. Ceci an\u00e9antit d\u00e9finitivement pour moi toute possibilit\u00e9 de trafic au Br\u00e9sil.<\/p>\n<p>C&rsquo;est allors une autre activit\u00e9 qui devient prioritaire: le tourisme. De ce c\u00f4t\u00e9-l\u00e0, on n&rsquo;est pas d\u00e9\u00e7u. D&rsquo;abord, le Pain de Sucre. C&rsquo;est pas difficile, \u00e7a ressemble effectivement \u00e0 un pain de sucre. Pour y aller c&rsquo;est autre chose. Un touriste normal prendrait le taxi. Isabelle, l&rsquo;XYL de Christophe, n\u00e9e \u00e0 Rio, connait bien la ville et son r\u00e9seau de bus. Certains sont tr\u00e8s confortables avec la t\u00e9l\u00e9 diffusant des dessins anim\u00e9s pour les gosses. D&rsquo;autres sont bond\u00e9s de monde et les gens s&rsquo;entrelacent debout dans le couloir, les 2 mains sur une barre solidement fix\u00e9e au plafond. Et il faut bien se tenir, car le bus ne ralenti peu dans les virages et dans les nombreux trous que compte les routes de la ville. Une heure de bus, c&rsquo;est une heure de gym, pour 1.4 reals, soit 70 centimes.<br \/>\n<img decoding=\"async\" class=\"alignleft\" src=\"\/Bresil\/py1on-hb9hli-hb9tln-py1ro-py1yb.jpg\" alt=\"\" \/><\/p>\n<p>La mont\u00e9e au Pain de Sucre se fait en t\u00e9l\u00e9cabine sur 2 paliers. En haut on domine le port de Rio \u00e0 400m d&rsquo;altitude. Comme c&rsquo;est l&rsquo;hiver, m\u00eame avec 25 \u00b0C, peu de monde, ce qui rend la visite agr\u00e9able. Il y avait une \u00e9quipe de jeunes footballeurs parisiens qui ont sem\u00e9 une ambiance bonenfant.<\/p>\n<p>Puis nous sommes all\u00e9 visiter le site du Corcovado dans je parc national de Tijuca, o\u00f9 se situe la statue du Christ la plus c\u00e9l\u00e8bre. Une heure et demie de gym en bus et nous sommes dans un petit train \u00e0 cr\u00e9mailli\u00e8re qui nous \u00e9l\u00e8ve \u00e0 700m d&rsquo;altitude. C&rsquo;est l\u00e0 qu&rsquo;on se rend compte de l&rsquo;immensit\u00e9 de cette ville, tout petit en bas, c&rsquo;est un colosse de 70m de haut dress\u00e9 devant nous. Tout est pr\u00e9vu pour recevoir beaucoup<br \/>\nde monde, on peut contempler la ville sous un autre angle et voir toutes les plages. On distingue aussi parfaitement l&rsquo;immense stade Macarena, le temple du foot de Rio. Je conseille de visiter le Pain de Sucre en premier, le site du Corcovado offre une vue de toute la ville, ce qui rendrait Pain de Sucre mois attrayant. Pourtant ces 2 sites sont magifiques. Je me demande pouquoi les radioamateurs de Rio n&rsquo;ont pas pens\u00e9 de mettre un fil entre les 2 bras du Christ, on devrait facilement avoir \u00ab\u00a0full size\u00a0\u00bb sur 40m&#8230;<\/p>\n<p><img decoding=\"async\" class=\"alignleft\" src=\"\/Bresil\/Churrasco-Itaipu.jpg\" alt=\"\" \/><br \/>\nC\u00f4t\u00e9 radio, on en est pas rest\u00e9 l\u00e0. Nous avions un contact avec Rolf PY1RO. N\u00e9 \u00e0 Glaris en Suisse, allemand d&rsquo;origine, il a travaill\u00e9 \u00e0 B\u00e2le quelques ann\u00e9es. Puis, sans rentrer dans les d\u00e9tails, il a travaill\u00e9 en Indon\u00e9sie, aux USA pour finir au Br\u00e9sil, o\u00f9 il est maintenant en retraite \u00e0 Itaipu, \u00e0 environ 50 Km de Rio. Pour se rendre chez lui, il faut prendre le pont de Niteroi, 15 Km de long ou l&rsquo;on distingue parfaitement les 2 sites d&rsquo;altitude que nous avons visit\u00e9 quelques jours avant. Il fait beau, pas loin de 30\u00b0C, semble-t-il c&rsquo;est normal pour une journ\u00e9e d&rsquo;hiver br\u00e9silien quand il y a du soleil. Nous en sommes ravi. Apr\u00e8s quelques recherches nous parvenons au portail de la maison de Rolf. Il nous attendait de pied ferme et il avait d\u00e9j\u00e0 aimant\u00e9 le barbecue. J&rsquo;ai deux passions nous dit-il, la radio et le \u00ab\u00a0chourrasco\u00a0\u00bb&#8230; Ca se remarque du premier coup d&rsquo;euil, le\u00a0 barbecue est bien \u00e9quip\u00e9. Il permet de cuire presque 2Kg de bidoche par fourn\u00e9e et dispose d&rsquo;une trurbine de PA pour hatiser la braise&#8230; La station est plut\u00f4t sobre, ne trafiquant que sur 6m, elle se compose d&rsquo;un IC706, un PA 2x 3-1000z et d&rsquo;un PC. C\u00f4t\u00e9 antennes, il dispose d&rsquo;un groupe de 2 x7 \u00e9l\u00e9ments alimant\u00e9 par du c\u00e2ble coax ethernet.<br \/>\n<img decoding=\"async\" class=\"alignleft\" src=\"\/Bresil\/py1ro.jpg\" alt=\"\" \/><br \/>\nIl nous explique qu&rsquo;au moment o\u00f9 il a install\u00e9, c&rsquo;\u00e9tait la seule possibilit\u00e9 de trouver localement du c\u00e2ble. Maintenant on trouve plain de c\u00e2ble faible perte suite \u00e0 la construction massive de stations GSM. Il nous montre la grosse torche de coax qui devrait lui faire gagner au mois 3 dB ainsi que son nouveau projet de shack, dans un local plus tranquille que dans la maison. On ontend dehors \u00ab\u00a0CQ CQ CQ\u00a0\u00bb au klaxon&#8230; c&rsquo;est 2 amis de Rolf qui ont accept\u00e9 de faire la f\u00eate avec nous, Ivan PY1YB et Linneu PY1ON, tout deux de Niteroi. Nous entamons alors la grande discussion sur les activit\u00e9s DX de la r\u00e9gion, puis un peu plus d\u00e9contract\u00e9 apr\u00e8s quelques morceaux de bidoche et quelques canettes de bi\u00e8re locale. Ivan, PY1YB nous rem\u00e8ne \u00e0 Rio avec entre-temps une visite rapide de sa ville, Niteroi. Ensuite on est dans l&rsquo;ambiance avec un QSO sympa en mobile sur 40m depuis les grands boulevards de Rio avec un OM Argentin. Vraiment sympa.<\/p>\n<p>Chritophe et moi avons d\u00e9cid\u00e9 de monter une beam 6m pour faire un peu d&rsquo;\u00e9coute. La beam \u00e9tait d\u00e9j\u00e0 sur place car Christophe l&rsquo;avait amen\u00e9 l&rsquo;hors de son voyage pr\u00e9c\u00e9dent. Comme elle avait un peu de ROS, nous l&rsquo;avons mont\u00e9 \u00e0 Rio, dans la cit\u00e9 o\u00f9 nous logeons. Nous avons vite compris pourquoi on ne voit pas une antenne radioamateur ou CB sur les toits&#8230; La psychose de perturbation TV omnipr\u00e9sente, TV Globo, la chaine la plus populaire stationne sur le canal 3 en bande 1, nous avons vite compris que cette antenne n&rsquo;\u00e9tait pas bienvenue. Mauro, le mari de la belle-soeur de Christophe nous propose de la poser aux alantours de son cin\u00e9ma en plain-air. L\u00e0 aucune habitation \u00e0 proximit\u00e9. Nous achetons du mat\u00e9riel de fixation et l&rsquo;antenne \u00e9tait dress\u00e9e en moins d&rsquo;une heure. Malheureusement, \u00e0 cette saison, peu de propagation, donc on \u00e9coute que du souffle.<\/p>\n<p><img loading=\"lazy\" decoding=\"async\" src=\"\/Bresil\/bresil_6m.jpg\" alt=\"\" width=\"318\" height=\"305\" align=\"left\" hspace=\"10\" \/><br \/>\nLa semaine suivante, nous sommes all\u00e9 \u00e0 Cabo Frio, \u00e0 150 Km de Rio. C&rsquo;est un \u00ab\u00a0petit village\u00a0\u00bb baln\u00e9aire de 350000 habitants, qui quadruple en \u00e9t\u00e9. Non loin de l\u00e0, Buzios, la c\u00f4te d&rsquo;Azur br\u00e9silienne, l\u00e0 o\u00f9 on trouve toutes les stars des t\u00e9l\u00e9s du Br\u00e9sil. Surprenant, on trouve une statue de bronze de Brigitte Bardot assise sur sa valise. On y apprend qu&rsquo;elle a fait beaucoup pour la ville de Buzios. A Cabo Frio nous \u00a0avons pris l&rsquo;IC706 et un dipole portatif ce qui nous a permis de faire un peu d&rsquo;\u00e9coute sur 6m, mais l\u00e0 aussi, nous avons entendu que du souffle. Par contre plus de probl\u00e8me de TVI, toute la TV est re\u00e7ue par satellite. Nous avons \u00e9galement prospect\u00e9 les ondes courtes avec de tr\u00e8s forts signaux sur l&rsquo;europe sur 15m. Cabo Frio se porte nettement mieux que Rio pour la radio, il y a nettement moins de bruit et peu de risque de TVI. L&rsquo;activit\u00e9 baln\u00e9aire est aussi int\u00e9ressante en hiver, l&rsquo;eau de l&rsquo;oc\u00e9an est \u00e0 ma surprise plut\u00f4t temp\u00e9r\u00e9e. Quasi seuls sur une plage de 15 Km de large, je savoure une bonne baignade malgr\u00e9 quelques grosses vagues d\u00e9ferlantes.<\/p>\n<p>Le 30 aout 2003, c&rsquo;est le retour vers la Suisse, apr\u00e8s une escale rapide \u00e0 Lisbonne.<\/p>\n<p>En tout cas, \u00e7a fait envie d&rsquo;y retourner et qui sait, peut-\u00eatre il y aura une suite \u00e0 cet article \ud83d\ude42<\/p>\n<p>Quelques liens:<\/p>\n<ul>\n<li><a href=\"https:\/\/www.anatel.gov.br\/setorregulado\/radioamadorismo\" target=\"_blank\" rel=\"noopener noreferrer\">L&rsquo;ANATEL<\/a><\/li>\n<li><a href=\"http:\/\/www.py1yb.com\" target=\"_blank\" rel=\"noopener noreferrer\">PY1YB<\/a><\/li>\n<li><a href=\"http:\/\/www.rio.gov.br\" target=\"_blank\" rel=\"noopener noreferrer\">Rio de Janeiro<\/a><\/li>\n<li><a href=\"http:\/\/www.cabofrio.rj.gov.br\" target=\"_blank\" rel=\"noopener noreferrer\">Cabo Frio<\/a><\/li>\n<li><a href=\"http:\/\/www.buziosonline.com.br\/home\/english\" target=\"_blank\" rel=\"noopener noreferrer\">Buzios<\/a><\/li>\n<\/ul>\n","protected":false},"excerpt":{"rendered":"<p>Je vais \u00e0 Rio&#8230;. Cet article a \u00e9t\u00e9 \u00e9crit en 2003 qui relate mon voyage au Br\u00e9sil cette ann\u00e9e-l\u00e0. Google english Non, je ne vais pas vous parler de la chanson de Claude Fran\u00e7ois, ce n&rsquo;est pas l&rsquo;endroit id\u00e9al \ud83d\ude42 <span class=\"excerpt-dots\">&hellip;<\/span> <a class=\"more-link\" href=\"https:\/\/hb9hli.radio\/blog\/bresil\/\"><span class=\"more-msg\">Lire la suite &rarr;<\/span><\/a><\/p>\n","protected":false},"author":1,"featured_media":0,"parent":0,"menu_order":0,"comment_status":"open","ping_status":"closed","template":"","meta":{"footnotes":""},"class_list":["post-1297","page","type-page","status-publish","hentry"],"_links":{"self":[{"href":"https:\/\/hb9hli.radio\/blog\/wp-json\/wp\/v2\/pages\/1297","targetHints":{"allow":["GET"]}}],"collection":[{"href":"https:\/\/hb9hli.radio\/blog\/wp-json\/wp\/v2\/pages"}],"about":[{"href":"https:\/\/hb9hli.radio\/blog\/wp-json\/wp\/v2\/types\/page"}],"author":[{"embeddable":true,"href":"https:\/\/hb9hli.radio\/blog\/wp-json\/wp\/v2\/users\/1"}],"replies":[{"embeddable":true,"href":"https:\/\/hb9hli.radio\/blog\/wp-json\/wp\/v2\/comments?post=1297"}],"version-history":[{"count":15,"href":"https:\/\/hb9hli.radio\/blog\/wp-json\/wp\/v2\/pages\/1297\/revisions"}],"predecessor-version":[{"id":2083,"href":"https:\/\/hb9hli.radio\/blog\/wp-json\/wp\/v2\/pages\/1297\/revisions\/2083"}],"wp:attachment":[{"href":"https:\/\/hb9hli.radio\/blog\/wp-json\/wp\/v2\/media?parent=1297"}],"curies":[{"name":"wp","href":"https:\/\/api.w.org\/{rel}","templated":true}]}}