{"id":1287,"date":"2012-01-17T21:59:08","date_gmt":"2012-01-17T21:59:08","guid":{"rendered":"http:\/\/hb9hli.radio\/blog\/?page_id=1287"},"modified":"2021-08-19T06:31:48","modified_gmt":"2021-08-19T06:31:48","slug":"qsl-info","status":"publish","type":"page","link":"https:\/\/hb9hli.radio\/blog\/qsl-info\/","title":{"rendered":"QSL info"},"content":{"rendered":"<p>Par manque cruel de temps, j&rsquo;ai beaucoup de retard avec les QSL.<\/p>\n<p>Les QSL re\u00e7ues en direct sont envoy\u00e9es en priorit\u00e9 si elles sont accompagn\u00e9es avec une enveloppe r\u00e9ponse et 2 USD. (pas de timbres ni de IRC, s&rsquo;il vous plait), sinon elles seront envoy\u00e9es prioritairement via le bureau.<\/p>\n<p>Les QSL re\u00e7ues via le bureau sont confirm\u00e9es en best effort via le bureau.<\/p>\n<p>Pour une confirmation urgente, utiliser LOtW et <a href=\"\/blog\/contact\">me demander<\/a> pour uploader mon log.<\/p>\n<p>Je suis abonn\u00e9 \u00e0 <a href=\"http:\/\/www.eqsl.cc\">e-qsl<\/a>, mais je fait un ou deux upload par ann\u00e9e.<\/p>\n<p><img loading=\"lazy\" decoding=\"async\" src=\"\/pics\/qsl-hb9hli.jpg\" width=\"530\" height=\"364\" \/><\/p>\n<p>Voici mon adresse:<\/p>\n<p>HB9HLI<\/p>\n<p>Dominique Muller<\/p>\n<p>Case postale<\/p>\n<p>CH-2400 Le Locle.<\/p>\n<p>Je ne confirmerai jamais:<\/p>\n<ul>\n<li>Un QSO non r\u00e9alis\u00e9.<\/li>\n<li>Un QSO sur Internet (Echolink ou autre).<\/li>\n<li>Un QSO avec une station pirate.<\/li>\n<\/ul>\n","protected":false},"excerpt":{"rendered":"<p>Par manque cruel de temps, j&rsquo;ai beaucoup de retard avec les QSL. Les QSL re\u00e7ues en direct sont envoy\u00e9es en priorit\u00e9 si elles sont accompagn\u00e9es avec une enveloppe r\u00e9ponse et 2 USD. (pas de timbres ni de IRC, s&rsquo;il vous <span class=\"excerpt-dots\">&hellip;<\/span> <a class=\"more-link\" href=\"https:\/\/hb9hli.radio\/blog\/qsl-info\/\"><span class=\"more-msg\">Lire la suite &rarr;<\/span><\/a><\/p>\n","protected":false},"author":1,"featured_media":0,"parent":0,"menu_order":0,"comment_status":"closed","ping_status":"closed","template":"","meta":{"footnotes":""},"class_list":["post-1287","page","type-page","status-publish","hentry"],"_links":{"self":[{"href":"https:\/\/hb9hli.radio\/blog\/wp-json\/wp\/v2\/pages\/1287","targetHints":{"allow":["GET"]}}],"collection":[{"href":"https:\/\/hb9hli.radio\/blog\/wp-json\/wp\/v2\/pages"}],"about":[{"href":"https:\/\/hb9hli.radio\/blog\/wp-json\/wp\/v2\/types\/page"}],"author":[{"embeddable":true,"href":"https:\/\/hb9hli.radio\/blog\/wp-json\/wp\/v2\/users\/1"}],"replies":[{"embeddable":true,"href":"https:\/\/hb9hli.radio\/blog\/wp-json\/wp\/v2\/comments?post=1287"}],"version-history":[{"count":12,"href":"https:\/\/hb9hli.radio\/blog\/wp-json\/wp\/v2\/pages\/1287\/revisions"}],"predecessor-version":[{"id":2117,"href":"https:\/\/hb9hli.radio\/blog\/wp-json\/wp\/v2\/pages\/1287\/revisions\/2117"}],"wp:attachment":[{"href":"https:\/\/hb9hli.radio\/blog\/wp-json\/wp\/v2\/media?parent=1287"}],"curies":[{"name":"wp","href":"https:\/\/api.w.org\/{rel}","templated":true}]}}