{"id":1279,"date":"2012-01-17T21:47:26","date_gmt":"2012-01-17T21:47:26","guid":{"rendered":"http:\/\/hb9hli.radio\/blog\/?page_id=1279"},"modified":"2022-12-14T14:22:24","modified_gmt":"2022-12-14T14:22:24","slug":"la-station","status":"publish","type":"page","link":"https:\/\/hb9hli.radio\/blog\/la-station\/","title":{"rendered":"La station"},"content":{"rendered":"<p>La station au Locle (JN37JB)<\/p>\n<p>Webcams:<\/p>\n<table style=\"height: 573px;\" width=\"585\">\n<tbody>\n<tr>\n<td align=\"left\" valign=\"top\" width=\"0%\"><b>Le Locle<\/b><\/p>\n<p><a href=\"http:\/\/www.lelocle.ch\/webcam\/casino\/current.jpg\" target=\"_top\" rel=\"noopener\"><br \/>\n<img loading=\"lazy\" decoding=\"async\" class=\"NO-CACHE\" src=\"http:\/\/www.lelocle.ch\/webcam\/casino\/current.jpg\" alt=\"Le Locle\" width=\"250\" height=\"150\" \/><\/a><br \/>\nH\u00f4tel-de-Ville<br \/>\n<a href=\"http:\/\/www.lelocle.ch\/webcam\/bibliotheque\/current.jpg\" target=\"_top\" rel=\"noopener\"><br \/>\n<img loading=\"lazy\" decoding=\"async\" class=\"NO-CACHE\" src=\"http:\/\/www.lelocle.ch\/webcam\/bibliotheque\/current.jpg\" alt=\"Le Locle\" width=\"250\" height=\"150\" \/><\/a><br \/>\nPiscine du Communal<\/td>\n<td align=\"left\" valign=\"top\" width=\"0%\"><b>Les Eplatures<\/b><\/p>\n<p><a href=\"https:\/\/www.leseplaturesairport.ch\/site\/images\/stories\/webcam\/LSGC.jpg\" target=\"_top\" rel=\"noopener\"><br \/>\n<img loading=\"lazy\" decoding=\"async\" class=\"NO-CACHE\" src=\"https:\/\/www.leseplaturesairport.ch\/site\/images\/stories\/webcam\/LSGC.jpg\" alt=\"Les Eplatures est\" width=\"200\" height=\"150\" \/><\/a><br \/>\nA\u00e9roport des Eplatures piste 24<br \/>\n<a href=\"https:\/\/www.leseplaturesairport.ch\/site\/images\/stories\/webcam\/LSGC2.jpg\" target=\"_top\" rel=\"noopener\"><br \/>\n<img loading=\"lazy\" decoding=\"async\" class=\"NO-CACHE\" src=\"https:\/\/www.leseplaturesairport.ch\/site\/images\/stories\/webcam\/LSGC2.jpg\" alt=\"Les Eplatures ouest\" width=\"200\" height=\"150\" \/><\/a><br \/>\nA\u00e9roport des Eplatures piste 06<\/td>\n<\/tr>\n<\/tbody>\n<\/table>\n<p><img loading=\"lazy\" decoding=\"async\" src=\"\/pics\/qth-hb9hli.jpg\" alt=\"\" width=\"487\" height=\"364\" \/>\u00a0\u00a0\u00a0<img loading=\"lazy\" decoding=\"async\" src=\"\/pics\/hb9hli-station_2011.jpg\" alt=\"\" width=\"487\" height=\"364\" \/><\/p>\n<p>Le DX sur les bande VHF \u00e0 SHF est une de mes activit\u00e9 la plus appr\u00e9ci\u00e9e. Depuis quelques temps je suis aussi attir\u00e9 par de DX sur les bandes HF, la chasse aux ballons sondes m\u00e9t\u00e9o et aux communication voix num\u00e9riques.. Voici comment est form\u00e9e la station:<\/p>\n<p>Radios: Yaesu FT897D &#8211; Icom IC-275H &#8211; Elecraft K3<br \/>\nAntennes: 6JXX6 &#8211; 16JXX2 &#8211; Cushcraft A3S &#8211; End Fed<br \/>\nBandes activ\u00e9es: 2\/6\/10\/15\/20\/40\/80m (SSB)<br \/>\nInformatique: <a href=\"http:\/\/www.ubuntu.com\">Ubuntu-Linux<\/a>, Log: <a href=\"http:\/\/www.cqrlog.com\">CQRLog<\/a>.<br \/>\nPour les 80 ans de l&rsquo;<a href=\"http:\/\/www.uska.ch\" target=\"_blank\" rel=\"noopener\">USKA<\/a>, j&rsquo;ai activ\u00e9 l&rsquo;indicatif HE8HLI du 1er janvier au 31 d\u00e9cembre 2009.<br \/>\nVoir l&rsquo;info sur <a href=\"http:\/\/www.qrz.com\/hb9hli\">QRZ.com<\/a><\/p>\n<p>Mes int\u00e9rets dans le domaine radioamateur sont les suivants:<br \/>\nVHF: tropo\/Es\/MS\/EME(Pas au QTH fixe)\/contests\/Satellites HAM.<br \/>\nHF: DX\/contests<br \/>\nL&rsquo;exp\u00e9rimentation radio.<br \/>\nL&rsquo;informatique et la radio avec GNU\/Linux.<\/p>\n<p><a href=\"http:\/\/ham.muller-ne.ch:8000\">Ecouter la station en direct<\/a> (pas toujours en service).<\/p>\n<p>Position APRS (Amateur Position Radio System):<br \/>\n<a href=\"http:\/\/www.findu.com\/cgi-bin\/find.cgi?call=HB9HLI\" target=\"contenu\" rel=\"noopener\">HB9HLI<\/a><a><br \/>\n<\/a><a href=\"http:\/\/www.findu.com\/cgi-bin\/find.cgi?call=HB9HLI-2\" target=\"contenu\" rel=\"noopener\">HB9HLI-2<\/a><a><br \/>\n<\/a><a href=\"http:\/\/www.findu.com\/cgi-bin\/find.cgi?call=HB9HLI-3\" target=\"contenu\" rel=\"noopener\">HB9HLI-3<\/a><a><br \/>\n<\/a><a href=\"http:\/\/www.findu.com\/cgi-bin\/find.cgi?call=HB9HLI-4\" target=\"contenu\" rel=\"noopener\">HB9HLI-4<\/a><a><br \/>\n<\/a><a href=\"http:\/\/www.findu.com\/cgi-bin\/find.cgi?call=HB9HLI-5\" target=\"contenu\" rel=\"noopener\">HB9HLI-5<\/a><a><br \/>\n<\/a><a href=\"http:\/\/www.findu.com\/cgi-bin\/find.cgi?call=HB9HLI-9\" target=\"contenu\" rel=\"noopener\">HB9HLI-9<\/a><a><br \/>\n<\/a><a href=\"http:\/\/www.findu.com\/cgi-bin\/find.cgi?call=HB9HLI-10\" target=\"contenu\" rel=\"noopener\">HB9HLI-10<\/a><\/p>\n<p><a href=\"\/album\/LeLocle\"> Quelques (anciennes) photos ici<\/a><\/p>\n<p><a href=\"\/public\/Calculs_ORNI_HB9HLI_home.pdf\"> Dossier ORNI de la station<\/a><a> (document PDF)<br \/>\n<\/a><\/p>\n","protected":false},"excerpt":{"rendered":"<p>La station au Locle (JN37JB) Webcams: Le Locle H\u00f4tel-de-Ville Piscine du Communal Les Eplatures A\u00e9roport des Eplatures piste 24 A\u00e9roport des Eplatures piste 06 \u00a0\u00a0\u00a0 Le DX sur les bande VHF \u00e0 SHF est une de mes activit\u00e9 la plus <span class=\"excerpt-dots\">&hellip;<\/span> <a class=\"more-link\" href=\"https:\/\/hb9hli.radio\/blog\/la-station\/\"><span class=\"more-msg\">Lire la suite &rarr;<\/span><\/a><\/p>\n","protected":false},"author":1,"featured_media":0,"parent":0,"menu_order":0,"comment_status":"closed","ping_status":"closed","template":"","meta":{"footnotes":""},"class_list":["post-1279","page","type-page","status-publish","hentry"],"_links":{"self":[{"href":"https:\/\/hb9hli.radio\/blog\/wp-json\/wp\/v2\/pages\/1279","targetHints":{"allow":["GET"]}}],"collection":[{"href":"https:\/\/hb9hli.radio\/blog\/wp-json\/wp\/v2\/pages"}],"about":[{"href":"https:\/\/hb9hli.radio\/blog\/wp-json\/wp\/v2\/types\/page"}],"author":[{"embeddable":true,"href":"https:\/\/hb9hli.radio\/blog\/wp-json\/wp\/v2\/users\/1"}],"replies":[{"embeddable":true,"href":"https:\/\/hb9hli.radio\/blog\/wp-json\/wp\/v2\/comments?post=1279"}],"version-history":[{"count":11,"href":"https:\/\/hb9hli.radio\/blog\/wp-json\/wp\/v2\/pages\/1279\/revisions"}],"predecessor-version":[{"id":2194,"href":"https:\/\/hb9hli.radio\/blog\/wp-json\/wp\/v2\/pages\/1279\/revisions\/2194"}],"wp:attachment":[{"href":"https:\/\/hb9hli.radio\/blog\/wp-json\/wp\/v2\/media?parent=1279"}],"curies":[{"name":"wp","href":"https:\/\/api.w.org\/{rel}","templated":true}]}}