{"id":1071,"date":"2006-10-14T15:13:21","date_gmt":"2006-10-14T15:13:21","guid":{"rendered":"http:\/\/hb9hli.radio\/blog\/?page_id=1071"},"modified":"2023-05-09T13:20:26","modified_gmt":"2023-05-09T13:20:26","slug":"about","status":"publish","type":"page","link":"https:\/\/hb9hli.radio\/blog\/about\/","title":{"rendered":"A propos du Blog de HB9HLI"},"content":{"rendered":"<p>Ce blog a pour but de donner des informations sur mes deux principaux hobbys, le radioamateurisme et les logiciels libres, Linux particuli\u00e8rement. Les commentaires sont les bienvenus, mod\u00e9r\u00e9s par moi-m\u00eame. Les commentaires sont d\u00e9sactiv\u00e9s.<\/p>\n<p>L&rsquo;heure affich\u00e9e est en UTC. L&rsquo;heure locale est UTC +1 en hiver et UTC+2 en \u00e9t\u00e9.<\/p>\n<p><span style=\"text-decoration: underline;\">Notices importantes:<\/span><\/p>\n<p><strong>Votre navigateur DOIT \u00eatre compatible HTML vesion 5, aujourd&rsquo;hui c&rsquo;est g\u00e9n\u00e9ralement le cas.<br \/>\n<\/strong><\/p>\n<p><strong>En raison d&rsquo;abus, le contenu du blog est mis \u00e0 disposition selon les termes de la<\/strong><strong> licence Creative Commons qui donne le droit de copier, reprendre et modifier les informations contenues du blog.\u00a0 La source DOIT \u00eatre inclue dans toute publication reprise de ce blog en mettant en \u00e9vidence l&rsquo;adresse (URL) de la source.<\/strong><\/p>\n<p><strong>Toute d\u00e9rogation est \u00e0 demander en cliquant<\/strong><strong> sur \u00ab\u00a0Contact\u00a0\u00bb dans le menu.<\/strong><\/p>\n<p><a href=\"http:\/\/creativecommons.org\/licenses\/by-nc\/3.0\/\" rel=\"license\"><img decoding=\"async\" style=\"border-width: 0;\" src=\"http:\/\/i.creativecommons.org\/l\/by-nc\/3.0\/88x31.png\" alt=\"Contrat Creative Commons\" \/> <\/a><br \/>\nLe blog radioamateur\u00a0 <a href=\"http:\/\/hb9hli.radio\/blog\/?page_id=1071\" rel=\"cc:attributionURL\">hb9hli<\/a> est mis \u00e0 disposition selon les termes de la <a href=\"http:\/\/creativecommons.org\/licenses\/by-nc\/3.0\/\" rel=\"license\">licence Creative Commons Paternit\u00e9 &#8211; Pas d&rsquo;Utilisation Commerciale 3.0 Unported<\/a>.<br \/>\nBas\u00e9(e) sur une oeuvre \u00e0 <a href=\"http:\/\/hb9hli.radio\" rel=\"dc:source\">hb9hli.radio<\/a>.<br \/>\nLes autorisations au-del\u00e0 du champ de cette licence peuvent \u00eatre obtenues\u00a0 <a href=\"https:\/\/hb9hli.radio\/blog\/contact\/\">ici<\/a><\/p>\n","protected":false},"excerpt":{"rendered":"<p>Ce blog a pour but de donner des informations sur mes deux principaux hobbys, le radioamateurisme et les logiciels libres, Linux particuli\u00e8rement. Les commentaires sont les bienvenus, mod\u00e9r\u00e9s par moi-m\u00eame. Les commentaires sont d\u00e9sactiv\u00e9s. L&rsquo;heure affich\u00e9e est en UTC. L&rsquo;heure <span class=\"excerpt-dots\">&hellip;<\/span> <a class=\"more-link\" href=\"https:\/\/hb9hli.radio\/blog\/about\/\"><span class=\"more-msg\">Lire la suite &rarr;<\/span><\/a><\/p>\n","protected":false},"author":1,"featured_media":0,"parent":0,"menu_order":0,"comment_status":"closed","ping_status":"closed","template":"","meta":{"footnotes":""},"class_list":["post-1071","page","type-page","status-publish","hentry"],"_links":{"self":[{"href":"https:\/\/hb9hli.radio\/blog\/wp-json\/wp\/v2\/pages\/1071","targetHints":{"allow":["GET"]}}],"collection":[{"href":"https:\/\/hb9hli.radio\/blog\/wp-json\/wp\/v2\/pages"}],"about":[{"href":"https:\/\/hb9hli.radio\/blog\/wp-json\/wp\/v2\/types\/page"}],"author":[{"embeddable":true,"href":"https:\/\/hb9hli.radio\/blog\/wp-json\/wp\/v2\/users\/1"}],"replies":[{"embeddable":true,"href":"https:\/\/hb9hli.radio\/blog\/wp-json\/wp\/v2\/comments?post=1071"}],"version-history":[{"count":12,"href":"https:\/\/hb9hli.radio\/blog\/wp-json\/wp\/v2\/pages\/1071\/revisions"}],"predecessor-version":[{"id":2222,"href":"https:\/\/hb9hli.radio\/blog\/wp-json\/wp\/v2\/pages\/1071\/revisions\/2222"}],"wp:attachment":[{"href":"https:\/\/hb9hli.radio\/blog\/wp-json\/wp\/v2\/media?parent=1071"}],"curies":[{"name":"wp","href":"https:\/\/api.w.org\/{rel}","templated":true}]}}